{"id":30,"date":"2024-03-02T19:47:52","date_gmt":"2024-03-02T18:47:52","guid":{"rendered":"https:\/\/goldenbiewer.fr\/?page_id=30"},"modified":"2025-08-12T12:02:11","modified_gmt":"2025-08-12T10:02:11","slug":"biro-yorkshire-terrier","status":"publish","type":"page","link":"https:\/\/goldenbiewer.fr\/?page_id=30","title":{"rendered":"BIRO YORKSHIRE TERRIER"},"content":{"rendered":"\t\t<div data-elementor-type=\"wp-page\" data-elementor-id=\"30\" class=\"elementor elementor-30\">\n\t\t\t\t<div class=\"elementor-element elementor-element-1b2ea51 e-flex e-con-boxed e-con e-parent\" data-id=\"1b2ea51\" data-element_type=\"container\" data-settings=\"{&quot;content_width&quot;:&quot;boxed&quot;}\" data-core-v316-plus=\"true\">\n\t\t\t\t\t<div class=\"e-con-inner\">\n\t\t\t\t<div class=\"elementor-element elementor-element-eb691ea elementor-widget elementor-widget-heading\" data-id=\"eb691ea\" data-element_type=\"widget\" data-widget_type=\"heading.default\">\n\t\t\t\t<div class=\"elementor-widget-container\">\n\t\t\t<style>\/*! elementor - v3.19.0 - 28-02-2024 *\/\n.elementor-heading-title{padding:0;margin:0;line-height:1}.elementor-widget-heading .elementor-heading-title[class*=elementor-size-]>a{color:inherit;font-size:inherit;line-height:inherit}.elementor-widget-heading .elementor-heading-title.elementor-size-small{font-size:15px}.elementor-widget-heading .elementor-heading-title.elementor-size-medium{font-size:19px}.elementor-widget-heading .elementor-heading-title.elementor-size-large{font-size:29px}.elementor-widget-heading .elementor-heading-title.elementor-size-xl{font-size:39px}.elementor-widget-heading .elementor-heading-title.elementor-size-xxl{font-size:59px}<\/style><h2 class=\"elementor-heading-title elementor-size-default\">\"Topaze Dr\u00f4les de P'tits Yorks\", notre splendide femelle Biro.<\/h2>\t\t<\/div>\n\t\t\t\t<\/div>\n\t\t\t\t<div class=\"elementor-element elementor-element-b06b618 elementor-widget elementor-widget-image\" data-id=\"b06b618\" data-element_type=\"widget\" data-widget_type=\"image.default\">\n\t\t\t\t<div class=\"elementor-widget-container\">\n\t\t\t<style>\/*! elementor - v3.19.0 - 28-02-2024 *\/\n.elementor-widget-image{text-align:center}.elementor-widget-image a{display:inline-block}.elementor-widget-image a img[src$=\".svg\"]{width:48px}.elementor-widget-image img{vertical-align:middle;display:inline-block}<\/style>\t\t\t\t\t\t\t\t\t\t<img fetchpriority=\"high\" decoding=\"async\" width=\"717\" height=\"959\" src=\"https:\/\/goldenbiewer.fr\/wp-content\/uploads\/2024\/06\/topaze.jpeg\" class=\"attachment-large size-large wp-image-572\" alt=\"\" srcset=\"https:\/\/goldenbiewer.fr\/wp-content\/uploads\/2024\/06\/topaze.jpeg 717w, https:\/\/goldenbiewer.fr\/wp-content\/uploads\/2024\/06\/topaze-224x300.jpeg 224w\" sizes=\"(max-width: 717px) 100vw, 717px\" \/>\t\t\t\t\t\t\t\t\t\t\t\t\t<\/div>\n\t\t\t\t<\/div>\n\t\t\t\t<div class=\"elementor-element elementor-element-5e0ddeb elementor-widget elementor-widget-image\" data-id=\"5e0ddeb\" data-element_type=\"widget\" data-widget_type=\"image.default\">\n\t\t\t\t<div class=\"elementor-widget-container\">\n\t\t\t\t\t\t\t\t\t\t\t\t\t<img decoding=\"async\" width=\"805\" height=\"805\" src=\"https:\/\/goldenbiewer.fr\/wp-content\/uploads\/2024\/03\/Tresor-Topaze-et-BB.jpeg\" class=\"attachment-large size-large wp-image-139\" alt=\"\" srcset=\"https:\/\/goldenbiewer.fr\/wp-content\/uploads\/2024\/03\/Tresor-Topaze-et-BB.jpeg 805w, https:\/\/goldenbiewer.fr\/wp-content\/uploads\/2024\/03\/Tresor-Topaze-et-BB-300x300.jpeg 300w, https:\/\/goldenbiewer.fr\/wp-content\/uploads\/2024\/03\/Tresor-Topaze-et-BB-150x150.jpeg 150w, https:\/\/goldenbiewer.fr\/wp-content\/uploads\/2024\/03\/Tresor-Topaze-et-BB-768x768.jpeg 768w, https:\/\/goldenbiewer.fr\/wp-content\/uploads\/2024\/03\/Tresor-Topaze-et-BB-600x600.jpeg 600w\" sizes=\"(max-width: 805px) 100vw, 805px\" \/>\t\t\t\t\t\t\t\t\t\t\t\t\t<\/div>\n\t\t\t\t<\/div>\n\t\t\t\t\t<\/div>\n\t\t\t\t<\/div>\n\t\t<div class=\"elementor-element elementor-element-29425d2 e-flex e-con-boxed e-con e-parent\" data-id=\"29425d2\" data-element_type=\"container\" data-settings=\"{&quot;content_width&quot;:&quot;boxed&quot;}\" data-core-v316-plus=\"true\">\n\t\t\t\t\t<div class=\"e-con-inner\">\n\t\t\t\t<div class=\"elementor-element elementor-element-e5dea74 elementor-widget elementor-widget-text-editor\" data-id=\"e5dea74\" data-element_type=\"widget\" data-widget_type=\"text-editor.default\">\n\t\t\t\t<div class=\"elementor-widget-container\">\n\t\t\t<style>\/*! elementor - v3.19.0 - 28-02-2024 *\/\n.elementor-widget-text-editor.elementor-drop-cap-view-stacked .elementor-drop-cap{background-color:#69727d;color:#fff}.elementor-widget-text-editor.elementor-drop-cap-view-framed .elementor-drop-cap{color:#69727d;border:3px solid;background-color:transparent}.elementor-widget-text-editor:not(.elementor-drop-cap-view-default) .elementor-drop-cap{margin-top:8px}.elementor-widget-text-editor:not(.elementor-drop-cap-view-default) .elementor-drop-cap-letter{width:1em;height:1em}.elementor-widget-text-editor .elementor-drop-cap{float:left;text-align:center;line-height:1;font-size:50px}.elementor-widget-text-editor .elementor-drop-cap-letter{display:inline-block}<\/style>\t\t\t\t<p><strong>Le Biro Terrier\u00a0 est une race de chien de petite taille, assez rare, qui gagne en popularit\u00e9 depuis quelques ann\u00e9e.\u00a0\u00a0<\/strong><\/p><p>Il est tr\u00e8s affectueux et aime passer du temps avec son propri\u00e9taire. Ils appr\u00e9cient de jouer avec les enfants, \u00e0 condition que les jeux ne soient pas trop brutaux.<\/p><p>Ce petit z\u00e9bulon adorable apportera beaucoup de joie , bonheur et gaiet\u00e9 dans un foyer.<\/p><p>Il est cependant conseill\u00e9 d\u2019avoir un espace en ext\u00e9rieur s\u00e9curis\u00e9 pour qu\u2019il puisse jouer et s\u2019amuser en toute tranquillit\u00e9.\u00a0<\/p><p>Il sera le compagnon id\u00e9al dans tous vos d\u00e9placements: promenades, voyages&#8230;il d\u00e9teste la solitude<\/p><p><strong>Il ressemble physiquement \u00e0 un Yorkshire Terrier<\/strong>. Sa\u00a0 principale diff\u00e9rence est au niveau de sa robe qui est de trois couleurs : Blanc &#8211; Chocolat\/marron &#8211; Or\/tan.<\/p><p>Ses\u00a0 yeux ronds et son museau\u00a0 sont de couleurs marron fonc\u00e9s.<\/p><p class=\"p1\"><span class=\"s1\"><b>Informations g\u00e9n\u00e9rales:<\/b><\/span><\/p><ul class=\"ul1\"><li class=\"li2\"><span class=\"s1\">Les chiots ne quittent jamais notre maison avant l&#8217;\u00e2ge de douze (12) semaines.<\/span><\/li><li class=\"li2\"><span class=\"s1\">Nos chiots\/chiens:<\/span><br \/><ul class=\"ul2\"><li class=\"li2\"><span class=\"s1\">ont \u00e9t\u00e9 examin\u00e9s par un v\u00e9t\u00e9rinaire qualifi\u00e9, sont vaccin\u00e9s, vermifug\u00e9s et micropuc\u00e9s.<\/span><\/li><li class=\"li2\"><span class=\"s1\">sont enregistr\u00e9s au Biewer Club de France (BCF)<\/span><\/li><li class=\"li2\"><span class=\"s1\">sont test\u00e9s ADN.<\/span><\/li><li>sont suivis par un\u00a0<strong>ost\u00e9opathe<\/strong>\u00a0et\u00a0<strong>chaque chiot a \u00e9t\u00e9 vu par un ost\u00e9opathe<\/strong> avant son d\u00e9part.<\/li><\/ul><\/li><\/ul>\t\t\t\t\t\t<\/div>\n\t\t\t\t<\/div>\n\t\t\t\t\t<\/div>\n\t\t\t\t<\/div>\n\t\t<div class=\"elementor-element elementor-element-5b4c295 e-flex e-con-boxed e-con e-parent\" data-id=\"5b4c295\" data-element_type=\"container\" data-settings=\"{&quot;content_width&quot;:&quot;boxed&quot;}\" data-core-v316-plus=\"true\">\n\t\t\t\t\t<div class=\"e-con-inner\">\n\t\t\t\t<div class=\"elementor-element elementor-element-90551d6 elementor-widget elementor-widget-heading\" data-id=\"90551d6\" data-element_type=\"widget\" data-widget_type=\"heading.default\">\n\t\t\t\t<div class=\"elementor-widget-container\">\n\t\t\t<h2 class=\"elementor-heading-title elementor-size-default\">\" VAENA Dr\u00f4les de P'tits Yorks \", notre jolie fleur  femelle chocoberry aux yeux bleus.<\/h2>\t\t<\/div>\n\t\t\t\t<\/div>\n\t\t\t\t\t<\/div>\n\t\t\t\t<\/div>\n\t\t<div class=\"elementor-element elementor-element-a7157a1 e-flex e-con-boxed e-con e-parent\" data-id=\"a7157a1\" data-element_type=\"container\" data-settings=\"{&quot;content_width&quot;:&quot;boxed&quot;}\" data-core-v316-plus=\"true\">\n\t\t\t\t\t<div class=\"e-con-inner\">\n\t\t\t\t<div class=\"elementor-element elementor-element-3ebdc33 elementor-widget elementor-widget-image\" data-id=\"3ebdc33\" data-element_type=\"widget\" data-widget_type=\"image.default\">\n\t\t\t\t<div class=\"elementor-widget-container\">\n\t\t\t\t\t\t\t\t\t\t\t\t\t<img decoding=\"async\" width=\"959\" height=\"959\" src=\"https:\/\/goldenbiewer.fr\/wp-content\/uploads\/2024\/09\/vaena.jpeg\" class=\"attachment-large size-large wp-image-825\" alt=\"\" srcset=\"https:\/\/goldenbiewer.fr\/wp-content\/uploads\/2024\/09\/vaena.jpeg 959w, https:\/\/goldenbiewer.fr\/wp-content\/uploads\/2024\/09\/vaena-300x300.jpeg 300w, https:\/\/goldenbiewer.fr\/wp-content\/uploads\/2024\/09\/vaena-150x150.jpeg 150w, https:\/\/goldenbiewer.fr\/wp-content\/uploads\/2024\/09\/vaena-768x768.jpeg 768w, https:\/\/goldenbiewer.fr\/wp-content\/uploads\/2024\/09\/vaena-600x600.jpeg 600w\" sizes=\"(max-width: 959px) 100vw, 959px\" \/>\t\t\t\t\t\t\t\t\t\t\t\t\t<\/div>\n\t\t\t\t<\/div>\n\t\t\t\t\t<\/div>\n\t\t\t\t<\/div>\n\t\t<div class=\"elementor-element elementor-element-3a1b18f e-flex e-con-boxed e-con e-parent\" data-id=\"3a1b18f\" data-element_type=\"container\" data-settings=\"{&quot;content_width&quot;:&quot;boxed&quot;}\" data-core-v316-plus=\"true\">\n\t\t\t\t\t<div class=\"e-con-inner\">\n\t\t\t\t<div class=\"elementor-element elementor-element-282f078 elementor-widget elementor-widget-image\" data-id=\"282f078\" data-element_type=\"widget\" data-widget_type=\"image.default\">\n\t\t\t\t<div class=\"elementor-widget-container\">\n\t\t\t\t\t\t\t\t\t\t\t\t\t<img loading=\"lazy\" decoding=\"async\" width=\"644\" height=\"805\" src=\"https:\/\/goldenbiewer.fr\/wp-content\/uploads\/2024\/09\/Vaena.jpg\" class=\"attachment-large size-large wp-image-828\" alt=\"\" srcset=\"https:\/\/goldenbiewer.fr\/wp-content\/uploads\/2024\/09\/Vaena.jpg 644w, https:\/\/goldenbiewer.fr\/wp-content\/uploads\/2024\/09\/Vaena-240x300.jpg 240w\" sizes=\"(max-width: 644px) 100vw, 644px\" \/>\t\t\t\t\t\t\t\t\t\t\t\t\t<\/div>\n\t\t\t\t<\/div>\n\t\t\t\t\t<\/div>\n\t\t\t\t<\/div>\n\t\t<div class=\"elementor-element elementor-element-f1cd102 e-flex e-con-boxed e-con e-parent\" data-id=\"f1cd102\" data-element_type=\"container\" data-settings=\"{&quot;content_width&quot;:&quot;boxed&quot;}\" data-core-v316-plus=\"true\">\n\t\t\t\t\t<div class=\"e-con-inner\">\n\t\t<div class=\"elementor-element elementor-element-891bdcf e-con-full e-flex e-con e-child\" data-id=\"891bdcf\" data-element_type=\"container\" data-settings=\"{&quot;content_width&quot;:&quot;full&quot;}\">\n\t\t\t\t<div class=\"elementor-element elementor-element-69cb767 elementor-widget elementor-widget-image\" data-id=\"69cb767\" data-element_type=\"widget\" data-widget_type=\"image.default\">\n\t\t\t\t<div class=\"elementor-widget-container\">\n\t\t\t\t\t\t\t\t\t\t\t\t\t<img loading=\"lazy\" decoding=\"async\" width=\"717\" height=\"958\" src=\"https:\/\/goldenbiewer.fr\/wp-content\/uploads\/2024\/09\/vaena-coupe-asiatique.jpg\" class=\"attachment-large size-large wp-image-839\" alt=\"\" srcset=\"https:\/\/goldenbiewer.fr\/wp-content\/uploads\/2024\/09\/vaena-coupe-asiatique.jpg 717w, https:\/\/goldenbiewer.fr\/wp-content\/uploads\/2024\/09\/vaena-coupe-asiatique-225x300.jpg 225w\" sizes=\"(max-width: 717px) 100vw, 717px\" \/>\t\t\t\t\t\t\t\t\t\t\t\t\t<\/div>\n\t\t\t\t<\/div>\n\t\t\t\t<\/div>\n\t\t<div class=\"elementor-element elementor-element-de09294 e-con-full e-flex e-con e-child\" data-id=\"de09294\" data-element_type=\"container\" data-settings=\"{&quot;content_width&quot;:&quot;full&quot;}\">\n\t\t\t\t<div class=\"elementor-element elementor-element-f0cf8bc elementor-widget elementor-widget-image\" data-id=\"f0cf8bc\" data-element_type=\"widget\" data-widget_type=\"image.default\">\n\t\t\t\t<div class=\"elementor-widget-container\">\n\t\t\t\t\t\t\t\t\t\t\t\t\t<img loading=\"lazy\" decoding=\"async\" width=\"717\" height=\"958\" src=\"https:\/\/goldenbiewer.fr\/wp-content\/uploads\/2024\/09\/vaena-1.jpg\" class=\"attachment-large size-large wp-image-838\" alt=\"\" srcset=\"https:\/\/goldenbiewer.fr\/wp-content\/uploads\/2024\/09\/vaena-1.jpg 717w, https:\/\/goldenbiewer.fr\/wp-content\/uploads\/2024\/09\/vaena-1-225x300.jpg 225w\" sizes=\"(max-width: 717px) 100vw, 717px\" \/>\t\t\t\t\t\t\t\t\t\t\t\t\t<\/div>\n\t\t\t\t<\/div>\n\t\t\t\t<\/div>\n\t\t\t\t\t<\/div>\n\t\t\t\t<\/div>\n\t\t<div class=\"elementor-element elementor-element-9bdf6f8 e-flex e-con-boxed e-con e-parent\" data-id=\"9bdf6f8\" data-element_type=\"container\" data-settings=\"{&quot;content_width&quot;:&quot;boxed&quot;}\" data-core-v316-plus=\"true\">\n\t\t\t\t\t<div class=\"e-con-inner\">\n\t\t\t\t<div class=\"elementor-element elementor-element-48c2ba2 elementor-widget elementor-widget-text-editor\" data-id=\"48c2ba2\" data-element_type=\"widget\" data-widget_type=\"text-editor.default\">\n\t\t\t\t<div class=\"elementor-widget-container\">\n\t\t\t\t\t\t\t<p>&nbsp;Femelle Yorkshire terrier rare au couleurs exotiques : chocolat, merle et blanc;<\/p>\t\t\t\t\t\t<\/div>\n\t\t\t\t<\/div>\n\t\t\t\t<div class=\"elementor-element elementor-element-ac849ed elementor-widget elementor-widget-text-editor\" data-id=\"ac849ed\" data-element_type=\"widget\" data-widget_type=\"text-editor.default\">\n\t\t\t\t<div class=\"elementor-widget-container\">\n\t\t\t\t\t\t\t\t\t\t\t\t\t<\/div>\n\t\t\t\t<\/div>\n\t\t\t\t\t<\/div>\n\t\t\t\t<\/div>\n\t\t\t\t<\/div>\n\t\t","protected":false},"excerpt":{"rendered":"<p>&#8220;Topaze Dr\u00f4les de P&#8217;tits Yorks&#8221;, notre splendide femelle Biro. Le Biro Terrier\u00a0 est une race de chien de petite taille, assez rare, qui gagne en popularit\u00e9 depuis quelques ann\u00e9e.\u00a0\u00a0 Il est tr\u00e8s affectueux et aime passer du temps avec son propri\u00e9taire. Ils appr\u00e9cient de jouer avec les enfants, \u00e0 condition que les jeux ne soient [&hellip;]<\/p>\n","protected":false},"author":1,"featured_media":0,"parent":0,"menu_order":0,"comment_status":"closed","ping_status":"closed","template":"","meta":{"_monsterinsights_skip_tracking":false,"_monsterinsights_sitenote_active":false,"_monsterinsights_sitenote_note":"","_monsterinsights_sitenote_category":0,"ocean_post_layout":"","ocean_both_sidebars_style":"","ocean_both_sidebars_content_width":0,"ocean_both_sidebars_sidebars_width":0,"ocean_sidebar":"","ocean_second_sidebar":"","ocean_disable_margins":"enable","ocean_add_body_class":"","ocean_shortcode_before_top_bar":"","ocean_shortcode_after_top_bar":"","ocean_shortcode_before_header":"","ocean_shortcode_after_header":"","ocean_has_shortcode":"","ocean_shortcode_after_title":"","ocean_shortcode_before_footer_widgets":"","ocean_shortcode_after_footer_widgets":"","ocean_shortcode_before_footer_bottom":"","ocean_shortcode_after_footer_bottom":"","ocean_display_top_bar":"default","ocean_display_header":"default","ocean_header_style":"","ocean_center_header_left_menu":"","ocean_custom_header_template":"","ocean_custom_logo":0,"ocean_custom_retina_logo":0,"ocean_custom_logo_max_width":0,"ocean_custom_logo_tablet_max_width":0,"ocean_custom_logo_mobile_max_width":0,"ocean_custom_logo_max_height":0,"ocean_custom_logo_tablet_max_height":0,"ocean_custom_logo_mobile_max_height":0,"ocean_header_custom_menu":"","ocean_menu_typo_font_family":"","ocean_menu_typo_font_subset":"","ocean_menu_typo_font_size":0,"ocean_menu_typo_font_size_tablet":0,"ocean_menu_typo_font_size_mobile":0,"ocean_menu_typo_font_size_unit":"px","ocean_menu_typo_font_weight":"","ocean_menu_typo_font_weight_tablet":"","ocean_menu_typo_font_weight_mobile":"","ocean_menu_typo_transform":"","ocean_menu_typo_transform_tablet":"","ocean_menu_typo_transform_mobile":"","ocean_menu_typo_line_height":0,"ocean_menu_typo_line_height_tablet":0,"ocean_menu_typo_line_height_mobile":0,"ocean_menu_typo_line_height_unit":"","ocean_menu_typo_spacing":0,"ocean_menu_typo_spacing_tablet":0,"ocean_menu_typo_spacing_mobile":0,"ocean_menu_typo_spacing_unit":"","ocean_menu_link_color":"","ocean_menu_link_color_hover":"","ocean_menu_link_color_active":"","ocean_menu_link_background":"","ocean_menu_link_hover_background":"","ocean_menu_link_active_background":"","ocean_menu_social_links_bg":"","ocean_menu_social_hover_links_bg":"","ocean_menu_social_links_color":"","ocean_menu_social_hover_links_color":"","ocean_disable_title":"default","ocean_disable_heading":"default","ocean_post_title":"","ocean_post_subheading":"","ocean_post_title_style":"","ocean_post_title_background_color":"","ocean_post_title_background":0,"ocean_post_title_bg_image_position":"","ocean_post_title_bg_image_attachment":"","ocean_post_title_bg_image_repeat":"","ocean_post_title_bg_image_size":"","ocean_post_title_height":0,"ocean_post_title_bg_overlay":0.5,"ocean_post_title_bg_overlay_color":"","ocean_disable_breadcrumbs":"default","ocean_breadcrumbs_color":"","ocean_breadcrumbs_separator_color":"","ocean_breadcrumbs_links_color":"","ocean_breadcrumbs_links_hover_color":"","ocean_display_footer_widgets":"default","ocean_display_footer_bottom":"default","ocean_custom_footer_template":"","footnotes":""},"aioseo_notices":[],"_links":{"self":[{"href":"https:\/\/goldenbiewer.fr\/index.php?rest_route=\/wp\/v2\/pages\/30"}],"collection":[{"href":"https:\/\/goldenbiewer.fr\/index.php?rest_route=\/wp\/v2\/pages"}],"about":[{"href":"https:\/\/goldenbiewer.fr\/index.php?rest_route=\/wp\/v2\/types\/page"}],"author":[{"embeddable":true,"href":"https:\/\/goldenbiewer.fr\/index.php?rest_route=\/wp\/v2\/users\/1"}],"replies":[{"embeddable":true,"href":"https:\/\/goldenbiewer.fr\/index.php?rest_route=%2Fwp%2Fv2%2Fcomments&post=30"}],"version-history":[{"count":52,"href":"https:\/\/goldenbiewer.fr\/index.php?rest_route=\/wp\/v2\/pages\/30\/revisions"}],"predecessor-version":[{"id":1248,"href":"https:\/\/goldenbiewer.fr\/index.php?rest_route=\/wp\/v2\/pages\/30\/revisions\/1248"}],"wp:attachment":[{"href":"https:\/\/goldenbiewer.fr\/index.php?rest_route=%2Fwp%2Fv2%2Fmedia&parent=30"}],"curies":[{"name":"wp","href":"https:\/\/api.w.org\/{rel}","templated":true}]}}