{"id":6,"date":"2024-03-02T19:19:50","date_gmt":"2024-03-02T18:19:50","guid":{"rendered":"https:\/\/goldenbiewer.fr\/?page_id=6"},"modified":"2026-04-20T09:45:25","modified_gmt":"2026-04-20T07:45:25","slug":"accueil","status":"publish","type":"page","link":"https:\/\/goldenbiewer.fr\/","title":{"rendered":"ACCUEIL"},"content":{"rendered":"\t\t<div data-elementor-type=\"wp-page\" data-elementor-id=\"6\" class=\"elementor elementor-6\">\n\t\t\t\t<div class=\"elementor-element elementor-element-f2f6654 e-flex e-con-boxed e-con e-parent\" data-id=\"f2f6654\" data-element_type=\"container\" data-settings=\"{&quot;content_width&quot;:&quot;boxed&quot;}\" data-core-v316-plus=\"true\">\n\t\t\t\t\t<div class=\"e-con-inner\">\n\t\t\t\t<div class=\"elementor-element elementor-element-799bdd2 elementor-widget elementor-widget-text-editor\" data-id=\"799bdd2\" data-element_type=\"widget\" data-widget_type=\"text-editor.default\">\n\t\t\t\t<div class=\"elementor-widget-container\">\n\t\t\t<style>\/*! elementor - v3.19.0 - 28-02-2024 *\/\n.elementor-widget-text-editor.elementor-drop-cap-view-stacked .elementor-drop-cap{background-color:#69727d;color:#fff}.elementor-widget-text-editor.elementor-drop-cap-view-framed .elementor-drop-cap{color:#69727d;border:3px solid;background-color:transparent}.elementor-widget-text-editor:not(.elementor-drop-cap-view-default) .elementor-drop-cap{margin-top:8px}.elementor-widget-text-editor:not(.elementor-drop-cap-view-default) .elementor-drop-cap-letter{width:1em;height:1em}.elementor-widget-text-editor .elementor-drop-cap{float:left;text-align:center;line-height:1;font-size:50px}.elementor-widget-text-editor .elementor-drop-cap-letter{display:inline-block}<\/style>\t\t\t\t<p>\u00a0<\/p><p><span style=\"color: #800000;\"><strong>Naissances de 5\u00a0<\/strong><\/span><span style=\"color: #800000;\"><strong>chiots golden retriever :\u00a0<\/strong><\/span><span style=\"color: #800000;\"><strong>2 chiots golden disponibles<\/strong><\/span><\/p>\t\t\t\t\t\t<\/div>\n\t\t\t\t<\/div>\n\t\t\t\t<div class=\"elementor-element elementor-element-a0978e9 elementor-widget elementor-widget-text-editor\" data-id=\"a0978e9\" data-element_type=\"widget\" data-widget_type=\"text-editor.default\">\n\t\t\t\t<div class=\"elementor-widget-container\">\n\t\t\t\t\t\t\t\t\t\t\t\t\t<\/div>\n\t\t\t\t<\/div>\n\t\t\t\t<div class=\"elementor-element elementor-element-8a21bf3 elementor-widget elementor-widget-text-editor\" data-id=\"8a21bf3\" data-element_type=\"widget\" data-widget_type=\"text-editor.default\">\n\t\t\t\t<div class=\"elementor-widget-container\">\n\t\t\t\t\t\t\t\t\t\t\t\t\t<\/div>\n\t\t\t\t<\/div>\n\t\t\t\t<div class=\"elementor-element elementor-element-cb21e1d elementor-widget elementor-widget-text-editor\" data-id=\"cb21e1d\" data-element_type=\"widget\" data-widget_type=\"text-editor.default\">\n\t\t\t\t<div class=\"elementor-widget-container\">\n\t\t\t\t\t\t\t\t\t\t\t\t\t<\/div>\n\t\t\t\t<\/div>\n\t\t\t\t\t<\/div>\n\t\t\t\t<\/div>\n\t\t<div class=\"elementor-element elementor-element-bbe44f2 e-flex e-con-boxed e-con e-parent\" data-id=\"bbe44f2\" data-element_type=\"container\" data-settings=\"{&quot;content_width&quot;:&quot;boxed&quot;}\" data-core-v316-plus=\"true\">\n\t\t\t\t\t<div class=\"e-con-inner\">\n\t\t\t\t<div class=\"elementor-element elementor-element-322e53a elementor-widget elementor-widget-image\" data-id=\"322e53a\" data-element_type=\"widget\" data-widget_type=\"image.default\">\n\t\t\t\t<div class=\"elementor-widget-container\">\n\t\t\t<style>\/*! elementor - v3.19.0 - 28-02-2024 *\/\n.elementor-widget-image{text-align:center}.elementor-widget-image a{display:inline-block}.elementor-widget-image a img[src$=\".svg\"]{width:48px}.elementor-widget-image img{vertical-align:middle;display:inline-block}<\/style>\t\t\t\t\t\t\t\t\t\t<img fetchpriority=\"high\" decoding=\"async\" width=\"840\" height=\"840\" src=\"https:\/\/goldenbiewer.fr\/wp-content\/uploads\/2025\/11\/IMG-20251110-WA0004.jpg\" class=\"attachment-large size-large wp-image-1391\" alt=\"\" srcset=\"https:\/\/goldenbiewer.fr\/wp-content\/uploads\/2025\/11\/IMG-20251110-WA0004.jpg 840w, https:\/\/goldenbiewer.fr\/wp-content\/uploads\/2025\/11\/IMG-20251110-WA0004-300x300.jpg 300w, https:\/\/goldenbiewer.fr\/wp-content\/uploads\/2025\/11\/IMG-20251110-WA0004-150x150.jpg 150w, https:\/\/goldenbiewer.fr\/wp-content\/uploads\/2025\/11\/IMG-20251110-WA0004-768x768.jpg 768w, https:\/\/goldenbiewer.fr\/wp-content\/uploads\/2025\/11\/IMG-20251110-WA0004-600x600.jpg 600w\" sizes=\"(max-width: 840px) 100vw, 840px\" \/>\t\t\t\t\t\t\t\t\t\t\t\t\t<\/div>\n\t\t\t\t<\/div>\n\t\t\t\t\t<\/div>\n\t\t\t\t<\/div>\n\t\t<div class=\"elementor-element elementor-element-cf0e7f3 e-flex e-con-boxed e-con e-parent\" data-id=\"cf0e7f3\" data-element_type=\"container\" data-settings=\"{&quot;content_width&quot;:&quot;boxed&quot;}\" data-core-v316-plus=\"true\">\n\t\t\t\t\t<div class=\"e-con-inner\">\n\t\t\t\t<div class=\"elementor-element elementor-element-b4a6742 elementor-widget elementor-widget-heading\" data-id=\"b4a6742\" data-element_type=\"widget\" data-widget_type=\"heading.default\">\n\t\t\t\t<div class=\"elementor-widget-container\">\n\t\t\t<style>\/*! elementor - v3.19.0 - 28-02-2024 *\/\n.elementor-heading-title{padding:0;margin:0;line-height:1}.elementor-widget-heading .elementor-heading-title[class*=elementor-size-]>a{color:inherit;font-size:inherit;line-height:inherit}.elementor-widget-heading .elementor-heading-title.elementor-size-small{font-size:15px}.elementor-widget-heading .elementor-heading-title.elementor-size-medium{font-size:19px}.elementor-widget-heading .elementor-heading-title.elementor-size-large{font-size:29px}.elementor-widget-heading .elementor-heading-title.elementor-size-xl{font-size:39px}.elementor-widget-heading .elementor-heading-title.elementor-size-xxl{font-size:59px}<\/style><h2 class=\"elementor-heading-title elementor-size-default\">ELEVAGE GOLDEN RETRIEVER,  YORKSHIRE TERRIER, BIEWER  ET BIRO TERRIER<\/h2>\t\t<\/div>\n\t\t\t\t<\/div>\n\t\t\t\t<div class=\"elementor-element elementor-element-9767bcd elementor-widget elementor-widget-text-editor\" data-id=\"9767bcd\" data-element_type=\"widget\" data-widget_type=\"text-editor.default\">\n\t\t\t\t<div class=\"elementor-widget-container\">\n\t\t\t\t\t\t\t<p>Nous sommes un <strong>petit \u00e9levage professionnel \u00e0 dimension familiale<\/strong> de Golden Retriever, Yorkshire Terrier, Biewer et Biro Terrier,\u00a0 \u00a0 situ\u00e9 dans le Parc Naturel des Landes de Gascogne, \u00e0 quelques kilom\u00e8tres de Mont de Marsan.<\/p><p>Nos chiens vivent avec nous. Une grande v\u00e9randa est consacr\u00e9e \u00e0 nos Golden Retriever avec acc\u00e8s libre dans notre parc. Pour nos Yorkshires, Biewer et Biro Terrier, ils se pr\u00e9lassent confortablement dans une belle pi\u00e8ce meubl\u00e9e avec \u00e9galement un libre acc\u00e8s ext\u00e9rieur par la baie vitr\u00e9e.<\/p><p>Les chiots naissent et grandissent \u00e0 la maison. Ils partagent notre quotidien et\u00a0 peuvent s&#8217;\u00e9panouir entre l&#8217;espace qui leur est r\u00e9serv\u00e9 dans notre salon, une terrasse ext\u00e9rieure et l&#8217;enclos dans le jardin.<\/p><p>Ils sont habitu\u00e9s \u00e0 \u00eatre manipul\u00e9s d\u00e8s la naissance.<\/p><p>Nous leur accordons beaucoup de soins et d&#8217;attention afin qu&#8217;ils int\u00e8grent leur nouvelle famille dans les meilleures conditions possibles.<\/p>\t\t\t\t\t\t<\/div>\n\t\t\t\t<\/div>\n\t\t\t\t<div class=\"elementor-element elementor-element-61ee354 elementor-widget elementor-widget-image\" data-id=\"61ee354\" data-element_type=\"widget\" data-widget_type=\"image.default\">\n\t\t\t\t<div class=\"elementor-widget-container\">\n\t\t\t\t\t\t\t\t\t\t\t\t\t<img decoding=\"async\" width=\"1024\" height=\"766\" src=\"https:\/\/goldenbiewer.fr\/wp-content\/uploads\/2025\/11\/parc-des-lisieres-darraga--1024x766.jpg\" class=\"attachment-large size-large wp-image-1407\" alt=\"\" srcset=\"https:\/\/goldenbiewer.fr\/wp-content\/uploads\/2025\/11\/parc-des-lisieres-darraga--1024x766.jpg 1024w, https:\/\/goldenbiewer.fr\/wp-content\/uploads\/2025\/11\/parc-des-lisieres-darraga--300x224.jpg 300w, https:\/\/goldenbiewer.fr\/wp-content\/uploads\/2025\/11\/parc-des-lisieres-darraga--768x575.jpg 768w, https:\/\/goldenbiewer.fr\/wp-content\/uploads\/2025\/11\/parc-des-lisieres-darraga-.jpg 1080w\" sizes=\"(max-width: 1024px) 100vw, 1024px\" \/>\t\t\t\t\t\t\t\t\t\t\t\t\t<\/div>\n\t\t\t\t<\/div>\n\t\t\t\t<div class=\"elementor-element elementor-element-8106555 elementor-widget elementor-widget-image\" data-id=\"8106555\" data-element_type=\"widget\" data-widget_type=\"image.default\">\n\t\t\t\t<div class=\"elementor-widget-container\">\n\t\t\t\t\t\t\t\t\t\t\t\t\t<img decoding=\"async\" width=\"1024\" height=\"766\" src=\"https:\/\/goldenbiewer.fr\/wp-content\/uploads\/2025\/11\/parc-des-lisieres-darraga-1-1024x766.jpg\" class=\"attachment-large size-large wp-image-1408\" alt=\"\" srcset=\"https:\/\/goldenbiewer.fr\/wp-content\/uploads\/2025\/11\/parc-des-lisieres-darraga-1-1024x766.jpg 1024w, https:\/\/goldenbiewer.fr\/wp-content\/uploads\/2025\/11\/parc-des-lisieres-darraga-1-300x224.jpg 300w, https:\/\/goldenbiewer.fr\/wp-content\/uploads\/2025\/11\/parc-des-lisieres-darraga-1-768x575.jpg 768w, https:\/\/goldenbiewer.fr\/wp-content\/uploads\/2025\/11\/parc-des-lisieres-darraga-1.jpg 1080w\" sizes=\"(max-width: 1024px) 100vw, 1024px\" \/>\t\t\t\t\t\t\t\t\t\t\t\t\t<\/div>\n\t\t\t\t<\/div>\n\t\t\t\t<div class=\"elementor-element elementor-element-ed7a9a9 elementor-widget elementor-widget-image\" data-id=\"ed7a9a9\" data-element_type=\"widget\" data-widget_type=\"image.default\">\n\t\t\t\t<div class=\"elementor-widget-container\">\n\t\t\t\t\t\t\t\t\t\t\t\t\t<img loading=\"lazy\" decoding=\"async\" width=\"604\" height=\"805\" src=\"https:\/\/goldenbiewer.fr\/wp-content\/uploads\/2024\/03\/saioa-et-son-doudou.jpeg\" class=\"attachment-large size-large wp-image-65\" alt=\"\" srcset=\"https:\/\/goldenbiewer.fr\/wp-content\/uploads\/2024\/03\/saioa-et-son-doudou.jpeg 604w, https:\/\/goldenbiewer.fr\/wp-content\/uploads\/2024\/03\/saioa-et-son-doudou-225x300.jpeg 225w\" sizes=\"(max-width: 604px) 100vw, 604px\" \/>\t\t\t\t\t\t\t\t\t\t\t\t\t<\/div>\n\t\t\t\t<\/div>\n\t\t\t\t<div class=\"elementor-element elementor-element-d025321 elementor-widget__width-initial elementor-widget elementor-widget-image\" data-id=\"d025321\" data-element_type=\"widget\" data-widget_type=\"image.default\">\n\t\t\t\t<div class=\"elementor-widget-container\">\n\t\t\t\t\t\t\t\t\t\t\t\t\t<img loading=\"lazy\" decoding=\"async\" width=\"840\" height=\"840\" src=\"https:\/\/goldenbiewer.fr\/wp-content\/uploads\/2025\/10\/York-militaire.jpg\" class=\"attachment-large size-large wp-image-1367\" alt=\"\" srcset=\"https:\/\/goldenbiewer.fr\/wp-content\/uploads\/2025\/10\/York-militaire.jpg 840w, https:\/\/goldenbiewer.fr\/wp-content\/uploads\/2025\/10\/York-militaire-300x300.jpg 300w, https:\/\/goldenbiewer.fr\/wp-content\/uploads\/2025\/10\/York-militaire-150x150.jpg 150w, https:\/\/goldenbiewer.fr\/wp-content\/uploads\/2025\/10\/York-militaire-768x768.jpg 768w, https:\/\/goldenbiewer.fr\/wp-content\/uploads\/2025\/10\/York-militaire-600x600.jpg 600w\" sizes=\"(max-width: 840px) 100vw, 840px\" \/>\t\t\t\t\t\t\t\t\t\t\t\t\t<\/div>\n\t\t\t\t<\/div>\n\t\t\t\t<div class=\"elementor-element elementor-element-33874c0 elementor-widget__width-initial elementor-widget elementor-widget-image\" data-id=\"33874c0\" data-element_type=\"widget\" data-widget_type=\"image.default\">\n\t\t\t\t<div class=\"elementor-widget-container\">\n\t\t\t\t\t\t\t\t\t\t\t\t\t<img loading=\"lazy\" decoding=\"async\" width=\"1000\" height=\"667\" src=\"https:\/\/goldenbiewer.fr\/wp-content\/uploads\/2025\/10\/Lilly-marlen-de-la-vallee-de-Mainland-.jpg\" class=\"attachment-large size-large wp-image-1359\" alt=\"\" srcset=\"https:\/\/goldenbiewer.fr\/wp-content\/uploads\/2025\/10\/Lilly-marlen-de-la-vallee-de-Mainland-.jpg 1000w, https:\/\/goldenbiewer.fr\/wp-content\/uploads\/2025\/10\/Lilly-marlen-de-la-vallee-de-Mainland--300x200.jpg 300w, https:\/\/goldenbiewer.fr\/wp-content\/uploads\/2025\/10\/Lilly-marlen-de-la-vallee-de-Mainland--768x512.jpg 768w\" sizes=\"(max-width: 1000px) 100vw, 1000px\" \/>\t\t\t\t\t\t\t\t\t\t\t\t\t<\/div>\n\t\t\t\t<\/div>\n\t\t\t\t\t<\/div>\n\t\t\t\t<\/div>\n\t\t<div class=\"elementor-element elementor-element-5794eae e-flex e-con-boxed e-con e-parent\" data-id=\"5794eae\" data-element_type=\"container\" data-settings=\"{&quot;content_width&quot;:&quot;boxed&quot;}\" data-core-v316-plus=\"true\">\n\t\t\t\t\t<div class=\"e-con-inner\">\n\t\t\t\t<div class=\"elementor-element elementor-element-8354acb elementor-widget elementor-widget-image\" data-id=\"8354acb\" data-element_type=\"widget\" data-widget_type=\"image.default\">\n\t\t\t\t<div class=\"elementor-widget-container\">\n\t\t\t\t\t\t\t\t\t\t\t\t\t<img loading=\"lazy\" decoding=\"async\" width=\"872\" height=\"840\" src=\"https:\/\/goldenbiewer.fr\/wp-content\/uploads\/2025\/11\/vanda-20251.jpg\" class=\"attachment-large size-large wp-image-1415\" alt=\"\" srcset=\"https:\/\/goldenbiewer.fr\/wp-content\/uploads\/2025\/11\/vanda-20251.jpg 872w, https:\/\/goldenbiewer.fr\/wp-content\/uploads\/2025\/11\/vanda-20251-300x289.jpg 300w, https:\/\/goldenbiewer.fr\/wp-content\/uploads\/2025\/11\/vanda-20251-768x740.jpg 768w\" sizes=\"(max-width: 872px) 100vw, 872px\" \/>\t\t\t\t\t\t\t\t\t\t\t\t\t<\/div>\n\t\t\t\t<\/div>\n\t\t\t\t\t<\/div>\n\t\t\t\t<\/div>\n\t\t<div class=\"elementor-element elementor-element-6053657 e-flex e-con-boxed e-con e-parent\" data-id=\"6053657\" data-element_type=\"container\" data-settings=\"{&quot;content_width&quot;:&quot;boxed&quot;}\" data-core-v316-plus=\"true\">\n\t\t\t\t\t<div class=\"e-con-inner\">\n\t\t\t\t<div class=\"elementor-element elementor-element-e3d4b4a elementor-widget elementor-widget-image\" data-id=\"e3d4b4a\" data-element_type=\"widget\" data-widget_type=\"image.default\">\n\t\t\t\t<div class=\"elementor-widget-container\">\n\t\t\t\t\t\t\t\t\t\t\t\t\t<img loading=\"lazy\" decoding=\"async\" width=\"717\" height=\"958\" src=\"https:\/\/goldenbiewer.fr\/wp-content\/uploads\/2025\/11\/vaena-janice-112025.jpg\" class=\"attachment-large size-large wp-image-1419\" alt=\"\" srcset=\"https:\/\/goldenbiewer.fr\/wp-content\/uploads\/2025\/11\/vaena-janice-112025.jpg 717w, https:\/\/goldenbiewer.fr\/wp-content\/uploads\/2025\/11\/vaena-janice-112025-225x300.jpg 225w\" sizes=\"(max-width: 717px) 100vw, 717px\" \/>\t\t\t\t\t\t\t\t\t\t\t\t\t<\/div>\n\t\t\t\t<\/div>\n\t\t\t\t\t<\/div>\n\t\t\t\t<\/div>\n\t\t<div class=\"elementor-element elementor-element-2e48865 e-flex e-con-boxed e-con e-parent\" data-id=\"2e48865\" data-element_type=\"container\" data-settings=\"{&quot;content_width&quot;:&quot;boxed&quot;}\" data-core-v316-plus=\"true\">\n\t\t\t\t\t<div class=\"e-con-inner\">\n\t\t\t\t<div class=\"elementor-element elementor-element-2d7c6e8 elementor-widget__width-initial elementor-widget elementor-widget-image\" data-id=\"2d7c6e8\" data-element_type=\"widget\" data-widget_type=\"image.default\">\n\t\t\t\t<div class=\"elementor-widget-container\">\n\t\t\t\t\t\t\t\t\t\t\t\t\t<img loading=\"lazy\" decoding=\"async\" width=\"628\" height=\"840\" src=\"https:\/\/goldenbiewer.fr\/wp-content\/uploads\/2025\/10\/tanaka-et-ses-2bb.jpg\" class=\"attachment-large size-large wp-image-1353\" alt=\"\" srcset=\"https:\/\/goldenbiewer.fr\/wp-content\/uploads\/2025\/10\/tanaka-et-ses-2bb.jpg 628w, https:\/\/goldenbiewer.fr\/wp-content\/uploads\/2025\/10\/tanaka-et-ses-2bb-224x300.jpg 224w\" sizes=\"(max-width: 628px) 100vw, 628px\" \/>\t\t\t\t\t\t\t\t\t\t\t\t\t<\/div>\n\t\t\t\t<\/div>\n\t\t\t\t\t<\/div>\n\t\t\t\t<\/div>\n\t\t<div class=\"elementor-element elementor-element-854ecee e-flex e-con-boxed e-con e-parent\" data-id=\"854ecee\" data-element_type=\"container\" data-settings=\"{&quot;content_width&quot;:&quot;boxed&quot;}\" data-core-v316-plus=\"true\">\n\t\t\t\t\t<div class=\"e-con-inner\">\n\t\t\t\t<div class=\"elementor-element elementor-element-61db6bb elementor-widget__width-initial elementor-widget elementor-widget-image\" data-id=\"61db6bb\" data-element_type=\"widget\" data-widget_type=\"image.default\">\n\t\t\t\t<div class=\"elementor-widget-container\">\n\t\t\t\t\t\t\t\t\t\t\t\t\t<img loading=\"lazy\" decoding=\"async\" width=\"602\" height=\"805\" src=\"https:\/\/goldenbiewer.fr\/wp-content\/uploads\/2025\/10\/chiots-biro.jpg\" class=\"attachment-large size-large wp-image-1363\" alt=\"\" srcset=\"https:\/\/goldenbiewer.fr\/wp-content\/uploads\/2025\/10\/chiots-biro.jpg 602w, https:\/\/goldenbiewer.fr\/wp-content\/uploads\/2025\/10\/chiots-biro-224x300.jpg 224w\" sizes=\"(max-width: 602px) 100vw, 602px\" \/>\t\t\t\t\t\t\t\t\t\t\t\t\t<\/div>\n\t\t\t\t<\/div>\n\t\t\t\t\t<\/div>\n\t\t\t\t<\/div>\n\t\t\t\t<\/div>\n\t\t","protected":false},"excerpt":{"rendered":"<p>\u00a0 Naissances de 5\u00a0chiots golden retriever :\u00a02 chiots golden disponibles ELEVAGE GOLDEN RETRIEVER, YORKSHIRE TERRIER, BIEWER ET BIRO TERRIER Nous sommes un petit \u00e9levage professionnel \u00e0 dimension familiale de Golden Retriever, Yorkshire Terrier, Biewer et Biro Terrier,\u00a0 \u00a0 situ\u00e9 dans le Parc Naturel des Landes de Gascogne, \u00e0 quelques kilom\u00e8tres de Mont de Marsan. Nos [&hellip;]<\/p>\n","protected":false},"author":1,"featured_media":0,"parent":0,"menu_order":0,"comment_status":"closed","ping_status":"closed","template":"","meta":{"_monsterinsights_skip_tracking":false,"_monsterinsights_sitenote_active":false,"_monsterinsights_sitenote_note":"","_monsterinsights_sitenote_category":0,"ocean_post_layout":"","ocean_both_sidebars_style":"","ocean_both_sidebars_content_width":0,"ocean_both_sidebars_sidebars_width":0,"ocean_sidebar":"","ocean_second_sidebar":"","ocean_disable_margins":"enable","ocean_add_body_class":"","ocean_shortcode_before_top_bar":"","ocean_shortcode_after_top_bar":"","ocean_shortcode_before_header":"","ocean_shortcode_after_header":"","ocean_has_shortcode":"","ocean_shortcode_after_title":"","ocean_shortcode_before_footer_widgets":"","ocean_shortcode_after_footer_widgets":"","ocean_shortcode_before_footer_bottom":"","ocean_shortcode_after_footer_bottom":"","ocean_display_top_bar":"default","ocean_display_header":"default","ocean_header_style":"","ocean_center_header_left_menu":"","ocean_custom_header_template":"","ocean_custom_logo":0,"ocean_custom_retina_logo":0,"ocean_custom_logo_max_width":0,"ocean_custom_logo_tablet_max_width":0,"ocean_custom_logo_mobile_max_width":0,"ocean_custom_logo_max_height":0,"ocean_custom_logo_tablet_max_height":0,"ocean_custom_logo_mobile_max_height":0,"ocean_header_custom_menu":"","ocean_menu_typo_font_family":"","ocean_menu_typo_font_subset":"","ocean_menu_typo_font_size":0,"ocean_menu_typo_font_size_tablet":0,"ocean_menu_typo_font_size_mobile":0,"ocean_menu_typo_font_size_unit":"px","ocean_menu_typo_font_weight":"","ocean_menu_typo_font_weight_tablet":"","ocean_menu_typo_font_weight_mobile":"","ocean_menu_typo_transform":"","ocean_menu_typo_transform_tablet":"","ocean_menu_typo_transform_mobile":"","ocean_menu_typo_line_height":0,"ocean_menu_typo_line_height_tablet":0,"ocean_menu_typo_line_height_mobile":0,"ocean_menu_typo_line_height_unit":"","ocean_menu_typo_spacing":0,"ocean_menu_typo_spacing_tablet":0,"ocean_menu_typo_spacing_mobile":0,"ocean_menu_typo_spacing_unit":"","ocean_menu_link_color":"","ocean_menu_link_color_hover":"","ocean_menu_link_color_active":"","ocean_menu_link_background":"","ocean_menu_link_hover_background":"","ocean_menu_link_active_background":"","ocean_menu_social_links_bg":"","ocean_menu_social_hover_links_bg":"","ocean_menu_social_links_color":"","ocean_menu_social_hover_links_color":"","ocean_disable_title":"default","ocean_disable_heading":"default","ocean_post_title":"","ocean_post_subheading":"","ocean_post_title_style":"","ocean_post_title_background_color":"","ocean_post_title_background":0,"ocean_post_title_bg_image_position":"","ocean_post_title_bg_image_attachment":"","ocean_post_title_bg_image_repeat":"","ocean_post_title_bg_image_size":"","ocean_post_title_height":0,"ocean_post_title_bg_overlay":0.5,"ocean_post_title_bg_overlay_color":"","ocean_disable_breadcrumbs":"default","ocean_breadcrumbs_color":"","ocean_breadcrumbs_separator_color":"","ocean_breadcrumbs_links_color":"","ocean_breadcrumbs_links_hover_color":"","ocean_display_footer_widgets":"default","ocean_display_footer_bottom":"default","ocean_custom_footer_template":"","footnotes":""},"aioseo_notices":[],"_links":{"self":[{"href":"https:\/\/goldenbiewer.fr\/index.php?rest_route=\/wp\/v2\/pages\/6"}],"collection":[{"href":"https:\/\/goldenbiewer.fr\/index.php?rest_route=\/wp\/v2\/pages"}],"about":[{"href":"https:\/\/goldenbiewer.fr\/index.php?rest_route=\/wp\/v2\/types\/page"}],"author":[{"embeddable":true,"href":"https:\/\/goldenbiewer.fr\/index.php?rest_route=\/wp\/v2\/users\/1"}],"replies":[{"embeddable":true,"href":"https:\/\/goldenbiewer.fr\/index.php?rest_route=%2Fwp%2Fv2%2Fcomments&post=6"}],"version-history":[{"count":178,"href":"https:\/\/goldenbiewer.fr\/index.php?rest_route=\/wp\/v2\/pages\/6\/revisions"}],"predecessor-version":[{"id":1553,"href":"https:\/\/goldenbiewer.fr\/index.php?rest_route=\/wp\/v2\/pages\/6\/revisions\/1553"}],"wp:attachment":[{"href":"https:\/\/goldenbiewer.fr\/index.php?rest_route=%2Fwp%2Fv2%2Fmedia&parent=6"}],"curies":[{"name":"wp","href":"https:\/\/api.w.org\/{rel}","templated":true}]}}